{"id":6265,"date":"2020-02-06T10:02:30","date_gmt":"2020-02-06T10:02:30","guid":{"rendered":"https:\/\/www.baetisaudio.com\/product\/baetis-audio-prodigy-3b\/"},"modified":"2024-10-20T02:32:01","modified_gmt":"2024-10-20T02:32:01","slug":"baetis-audio-prodigy-3b","status":"publish","type":"product","link":"https:\/\/www.baetisaudio.com\/fr\/produit\/baetis-audio-prodigy-3b\/","title":{"rendered":"Baetis Audio Prodigy 3B (h\u00e9rit\u00e9)"},"content":{"rendered":"[vc_row type=\u00a0\u00bbin_container\u00a0\u00bb full_screen_row_position=\u00a0\u00bbmiddle\u00a0\u00bb column_margin=\u00a0\u00bbdefault\u00a0\u00bb column_direction=\u00a0\u00bbdefault\u00a0\u00bb column_direction_tablet=\u00a0\u00bbdefault\u00a0\u00bb column_direction_phone=\u00a0\u00bbdefault\u00a0\u00bb scene_position=\u00a0\u00bbcenter\u00a0\u00bb text_color=\u00a0\u00bbdark\u00a0\u00bb text_align=\u00a0\u00bbleft\u00a0\u00bb row_border_radius=\u00a0\u00bbnone\u00a0\u00bb row_border_radius_applies=\u00a0\u00bbbg\u00a0\u00bb overflow=\u00a0\u00bbvisible\u00a0\u00bb overlay_strength=\u00a0\u00bb0.3&Prime; gradient_direction=\u00a0\u00bbleft_to_right\u00a0\u00bb shape_divider_position=\u00a0\u00bbbottom\u00a0\u00bb bg_image_animation=\u00a0\u00bbnone\u00a0\u00bb][vc_column column_padding=\u00a0\u00bbno-extra-padding\u00a0\u00bb column_padding_tablet=\u00a0\u00bbinherit\u00a0\u00bb column_padding_phone=\u00a0\u00bbinherit\u00a0\u00bb column_padding_position=\u00a0\u00bball\u00a0\u00bb column_element_direction_desktop=\u00a0\u00bbdefault\u00a0\u00bb column_element_spacing=\u00a0\u00bbdefault\u00a0\u00bb desktop_text_alignment=\u00a0\u00bbdefault\u00a0\u00bb tablet_text_alignment=\u00a0\u00bbdefault\u00a0\u00bb phone_text_alignment=\u00a0\u00bbdefault\u00a0\u00bb background_color_opacity=\u00a0\u00bb1&Prime; background_hover_color_opacity=\u00a0\u00bb1&Prime; column_backdrop_filter=\u00a0\u00bbnone\u00a0\u00bb column_shadow=\u00a0\u00bbnone\u00a0\u00bb column_border_radius=\u00a0\u00bbnone\u00a0\u00bb column_link_target=\u00a0\u00bb_self\u00a0\u00bb column_position=\u00a0\u00bbdefault\u00a0\u00bb gradient_direction=\u00a0\u00bbleft_to_right\u00a0\u00bb overlay_strength=\u00a0\u00bb0.3&Prime; width=\u00a0\u00bb1\/1&Prime; tablet_width_inherit=\u00a0\u00bbdefault\u00a0\u00bb animation_type=\u00a0\u00bbdefault\u00a0\u00bb bg_image_animation=\u00a0\u00bbnone\u00a0\u00bb border_type=\u00a0\u00bbsimple\u00a0\u00bb column_border_width=\u00a0\u00bbnone\u00a0\u00bb column_border_style=\u00a0\u00bbsolid\u00a0\u00bb][vc_column_text css=\u00a0\u00bb\u00a0\u00bb text_direction=\u00a0\u00bbdefault\u00a0\u00bb]\n<h3>Caract\u00e9ristiques du Prodigy 3B<\/h3>\n<p>Le Prodigy 3B est le mod\u00e8le le plus petit de notre gamme Baetis. Il est modulaire pour s&rsquo;adapter \u00e0 votre budget et \u00e0 vos sorties souhait\u00e9es. Il s&rsquo;agit maintenant d&rsquo;un mod\u00e8le Intel de 8\u00e8me g\u00e9n\u00e9ration, avec un processeur quad-core i3 8100 fonctionnant \u00e0 3,6 GHz. Il est destin\u00e9 aux utilisateurs qui poss\u00e8dent un bon r\u00e9cepteur multi-canal, ou mieux encore, un bon pr\u00e9ampli\/processeur et un amplificateur multi-canal s\u00e9par\u00e9. Si vous avez un bon DAC st\u00e9r\u00e9o, c&rsquo;est encore mieux. Mais votre r\u00e9cepteur ou pr\u00e9ampli\/processeur doit absolument avoir un connecteur d&rsquo;entr\u00e9e num\u00e9rique SPDIF ou une entr\u00e9e USB. La qualit\u00e9 audio multi-canal et st\u00e9r\u00e9o via HDMI est tout simplement superbe sur le mod\u00e8le de base, surtout avec un nouveau c\u00e2ble HDMI trait\u00e9 par cryog\u00e9nie. Il est livr\u00e9 avec notre alimentation standard de 200 W, mais peut \u00eatre optionnellement mis \u00e0 niveau vers une unit\u00e9 d&rsquo;alimentation lin\u00e9aire (LPSU) de HD-Plex. Choisissez les mod\u00e8les AES\/EBU, BNC ou AES\/EBU+BNC pour obtenir notre carte fille Prodigy qui produit un signal audio num\u00e9rique sup\u00e9rieur. Choisissez le mod\u00e8le USB pour obtenir le hub USB interne SOtM et la carte d&rsquo;horloge pour le meilleur signal USB possible si vous avez un DAC centr\u00e9 sur USB ou un DAC natif DSD-over-USB.<\/p>\n<p>Le Prodigy 3 est disponible en argent ou en noir, directement aupr\u00e8s de Baetis.<\/p>\n<h3>Sp\u00e9cifications du Prodigy 3B<\/h3>\n<ul>\n<li>HDMI 2.0 + HDMI 1.4<\/li>\n<li>Processeur i3 8100 \u00e0 4 c\u0153urs de 8\u00e8me g\u00e9n\u00e9ration, refroidi passivement<\/li>\n<li>8 Go de RAM DDR4<\/li>\n<li>2x Gigabit Ethernet<\/li>\n<li>Wi-Fi int\u00e9gr\u00e9<\/li>\n<li>SSD de 256 Go pour le syst\u00e8me d&rsquo;exploitation (avec options pour ajouter un stockage SSD interne suppl\u00e9mentaire)<\/li>\n<li>1x disque externe USB 3.1 gen1 de 2 To pour le stockage\/backup des m\u00e9dias<\/li>\n<li>Entr\u00e9e d&rsquo;alimentation DC Kycon<\/li>\n<li>Lecteur CD\/DVD\/BluRay<\/li>\n<li>Options pour le hub USB interne SOtM et la carte d&rsquo;horloge, et l&rsquo;adaptateur secteur externe iFI, ou la carte fille Prodigy AES\/EBU et\/ou SPDIF (BNC) avec c\u00e2blage CuPID (cuivre). Jusqu&rsquo;\u00e0 192 kHz\/24 bits<\/li>\n<li>Windows 10 Pro, \u00e9pur\u00e9 pour supprimer les \u00ab\u00a0bloatwares\u00a0\u00bb<\/li>\n<li>Ripper CD dBpoweramp<\/li>\n<li>Ex\u00e9cute Roon, Tidal, JRiver Media Center 25 et tout autre service de streaming disponible sur Windows ou Internet<\/li>\n<\/ul>\n<p style=\"text-align: center;\">*Des abonnements peuvent \u00eatre n\u00e9cessaires pour certains services.<\/p>\n[\/vc_column_text][\/vc_column][\/vc_row][vc_row type=\u00a0\u00bbin_container\u00a0\u00bb full_screen_row_position=\u00a0\u00bbmiddle\u00a0\u00bb column_margin=\u00a0\u00bbdefault\u00a0\u00bb column_direction=\u00a0\u00bbdefault\u00a0\u00bb column_direction_tablet=\u00a0\u00bbdefault\u00a0\u00bb column_direction_phone=\u00a0\u00bbdefault\u00a0\u00bb scene_position=\u00a0\u00bbcenter\u00a0\u00bb top_padding=\u00a0\u00bb40&Prime; text_color=\u00a0\u00bbdark\u00a0\u00bb text_align=\u00a0\u00bbleft\u00a0\u00bb row_border_radius=\u00a0\u00bbnone\u00a0\u00bb row_border_radius_applies=\u00a0\u00bbbg\u00a0\u00bb overflow=\u00a0\u00bbvisible\u00a0\u00bb overlay_strength=\u00a0\u00bb0.3&Prime; gradient_direction=\u00a0\u00bbleft_to_right\u00a0\u00bb shape_divider_position=\u00a0\u00bbbottom\u00a0\u00bb bg_image_animation=\u00a0\u00bbnone\u00a0\u00bb shape_type=\u00a0\u00bb\u00a0\u00bb][vc_column column_padding=\u00a0\u00bbno-extra-padding\u00a0\u00bb column_padding_tablet=\u00a0\u00bbinherit\u00a0\u00bb column_padding_phone=\u00a0\u00bbinherit\u00a0\u00bb column_padding_position=\u00a0\u00bball\u00a0\u00bb column_element_direction_desktop=\u00a0\u00bbdefault\u00a0\u00bb column_element_spacing=\u00a0\u00bbdefault\u00a0\u00bb desktop_text_alignment=\u00a0\u00bbdefault\u00a0\u00bb tablet_text_alignment=\u00a0\u00bbdefault\u00a0\u00bb phone_text_alignment=\u00a0\u00bbdefault\u00a0\u00bb background_color_opacity=\u00a0\u00bb1&Prime; background_hover_color_opacity=\u00a0\u00bb1&Prime; column_backdrop_filter=\u00a0\u00bbnone\u00a0\u00bb column_shadow=\u00a0\u00bbnone\u00a0\u00bb column_border_radius=\u00a0\u00bbnone\u00a0\u00bb column_link_target=\u00a0\u00bb_self\u00a0\u00bb column_position=\u00a0\u00bbdefault\u00a0\u00bb gradient_direction=\u00a0\u00bbleft_to_right\u00a0\u00bb overlay_strength=\u00a0\u00bb0.3&Prime; width=\u00a0\u00bb1\/1&Prime; tablet_width_inherit=\u00a0\u00bbdefault\u00a0\u00bb animation_type=\u00a0\u00bbdefault\u00a0\u00bb bg_image_animation=\u00a0\u00bbnone\u00a0\u00bb border_type=\u00a0\u00bbsimple\u00a0\u00bb column_border_width=\u00a0\u00bbnone\u00a0\u00bb column_border_style=\u00a0\u00bbsolid\u00a0\u00bb][vc_column_text]\n<h2 style=\"text-align: center;\">FAQ<\/h2>\n[\/vc_column_text][toggles style=\u00a0\u00bbdefault\u00a0\u00bb border_radius=\u00a0\u00bbnone\u00a0\u00bb][toggle color=\u00a0\u00bbDefault\u00a0\u00bb heading_tag=\u00a0\u00bbdefault\u00a0\u00bb heading_tag_functionality=\u00a0\u00bbdefault\u00a0\u00bb title=\u00a0\u00bbIntroduction aux ordinateurs audiophiles\u00a0\u00bb]<div id=\"modal-trg-txt-wrap-8095\" class=\"ult-modal-input-wrapper ult-adjust-bottom-margin    \" data-keypress-control=\"keypress-control-enable\" data-overlay-control=\"overlay-control-enable\"><span  data-ultimate-target='#modal-trg-txt-wrap-8095 .mycust'  data-responsive-json-new='{\"font-size\":\"\",\"line-height\":\"\"}'  style=\"color:#f60f60;cursor:pointer; \" data-class-id=\"content-69e796d096c715-38315625\" class=\"overlay-show ult-responsive mycust ult-align-left\" data-overlay-class=\"overlay-cornerbottomleft\">Here is a link to a White Paper.<\/span><\/div>\n<div class=\"ult-overlay content-69e796d096c715-38315625 \" data-class=\"content-69e796d096c715-38315625\" id=\"button-click-overlay\" style=\"background:rgba(51,51,51,0.8); display:none;\">\n\t<div class=\"ult_modal ult-fade ult-small\">\n\t\t<div id=\"ult-modal-wrap-2675\" class=\"ult_modal-content ult-hide\" style=\"border-style:solid;border-width:2px;border-radius:0px;border-color:#333333;\">\n\t\t\t<div  data-ultimate-target='#ult-modal-wrap-2675 .ult_modal-body'  data-responsive-json-new='{\"font-size\":\"\",\"line-height\":\"\"}'  class=\"ult_modal-body ult-responsive ult-html\" style=\"\">\n\t\t\t<a href=\"https:\/\/www.baetisaudio.com\/wp-content\/uploads\/2020\/03\/baetis-audio-audiophile-computers.pdf\" class=\"pdfemb-viewer\" style=\"\" data-width=\"max\" data-height=\"max\" data-toolbar=\"bottom\" data-toolbar-fixed=\"off\">baetis-audio-audiophile-computers<\/a>\n\t\t\t<\/div>\n\t<\/div>\n\t<\/div>\n\t<div class=\"ult-overlay-close top-right\" style=\"width:80px;height:80px; \"><div class=\"ult-overlay-close-inside\">Close<\/div><\/div>\n<\/div>[\/toggle][toggle color=\u00a0\u00bbDefault\u00a0\u00bb heading_tag=\u00a0\u00bbdefault\u00a0\u00bb heading_tag_functionality=\u00a0\u00bbdefault\u00a0\u00bb title=\u00a0\u00bbAvantages de la gamme d&rsquo;ordinateurs audiophiles Baetis\u00a0\u00bb][vc_column_text][\/vc_column_text][\/toggle][toggle color=\u00a0\u00bbDefault\u00a0\u00bb heading_tag=\u00a0\u00bbdefault\u00a0\u00bb heading_tag_functionality=\u00a0\u00bbdefault\u00a0\u00bb title=\u00a0\u00bbDSD contre PCM &#8211; un d\u00e9bat qui ne devrait pas exister\u00a0\u00bb][vc_column_text][\/vc_column_text][\/toggle][toggle color=\u00a0\u00bbDefault\u00a0\u00bb heading_tag=\u00a0\u00bbdefault\u00a0\u00bb heading_tag_functionality=\u00a0\u00bbdefault\u00a0\u00bb title=\u00a0\u00bbComment bien utiliser l&rsquo;USB\u00a0\u00bb][vc_column_text][\/vc_column_text][\/toggle][toggle color=\u00a0\u00bbDefault\u00a0\u00bb heading_tag=\u00a0\u00bbdefault\u00a0\u00bb heading_tag_functionality=\u00a0\u00bbdefault\u00a0\u00bb title=\u00a0\u00bbComment votre ordinateur avec un ventilateur peut-il \u00eatre aussi silencieux qu&rsquo;un serveur sans ventilateur ?\u00a0\u00bb][vc_column_text][\/vc_column_text][\/toggle][toggle color=\u00a0\u00bbDefault\u00a0\u00bb heading_tag=\u00a0\u00bbdefault\u00a0\u00bb heading_tag_functionality=\u00a0\u00bbdefault\u00a0\u00bb title=\u00a0\u00bbNotre politique de support client\u00a0\u00bb][vc_column_text][\/vc_column_text][\/toggle][toggle color=\u00a0\u00bbDefault\u00a0\u00bb heading_tag=\u00a0\u00bbdefault\u00a0\u00bb heading_tag_functionality=\u00a0\u00bbdefault\u00a0\u00bb title=\u00a0\u00bbQue faire si je veux utiliser le serveur Baetis en mode \u00ab headless \u00bb sans aucun moniteur ?\u00a0\u00bb][vc_column_text][\/vc_column_text][\/toggle][toggle color=\u00a0\u00bbDefault\u00a0\u00bb heading_tag=\u00a0\u00bbdefault\u00a0\u00bb heading_tag_functionality=\u00a0\u00bbdefault\u00a0\u00bb title=\u00a0\u00bbEst-ce que le Baetis utilise Linux ?\u00a0\u00bb][vc_column_text][\/vc_column_text][\/toggle][toggle color=\u00a0\u00bbDefault\u00a0\u00bb heading_tag=\u00a0\u00bbdefault\u00a0\u00bb heading_tag_functionality=\u00a0\u00bbdefault\u00a0\u00bb title=\u00a0\u00bbL&rsquo;ordinateur multim\u00e9dia Baetis\u2122 ne peut pas lire le taux d&rsquo;\u00e9chantillonnage natif de 176,4 kHz via SPDIF ou AES.\u00a0\u00bb][vc_column_text][\/vc_column_text][\/toggle][toggle color=\u00a0\u00bbDefault\u00a0\u00bb heading_tag=\u00a0\u00bbdefault\u00a0\u00bb heading_tag_functionality=\u00a0\u00bbdefault\u00a0\u00bb title=\u00a0\u00bbComment prot\u00e9gez-vous le syst\u00e8me d&rsquo;exploitation Windows face \u00e0 tous les virus et autres menaces qui existent ?\u00a0\u00bb][vc_column_text][\/vc_column_text][\/toggle][toggle color=\u00a0\u00bbDefault\u00a0\u00bb heading_tag=\u00a0\u00bbdefault\u00a0\u00bb heading_tag_functionality=\u00a0\u00bbdefault\u00a0\u00bb title=\u00a0\u00bbPuis-je vendre mon Baetis sur le march\u00e9 secondaire ?\u00a0\u00bb][vc_column_text][\/vc_column_text][\/toggle][toggle color=\u00a0\u00bbDefault\u00a0\u00bb heading_tag=\u00a0\u00bbdefault\u00a0\u00bb heading_tag_functionality=\u00a0\u00bbdefault\u00a0\u00bb title=\u00a0\u00bbComment votre ordinateur peut-il se comparer \u00e0 un serveur musical \u00e0 20 000 $ qui est construit d\u00e8s le d\u00e9part pour la qualit\u00e9 audio et qui a re\u00e7u des critiques tr\u00e8s \u00e9logieuses ?\u00a0\u00bb][vc_column_text][\/vc_column_text][\/toggle][\/toggles][\/vc_column][\/vc_row]\n","protected":false},"excerpt":{"rendered":"<h3>Legacy (abandonn\u00e9)<\/h3>\n<p>Le Prodigy 3B est le b\u00e9b\u00e9 de notre gamme Baetis. Il est modulable en fonction de votre budget et des r\u00e9sultats souhait\u00e9s. Surtout, il s&rsquo;agit maintenant d&rsquo;un mod\u00e8le Intel de 8e g\u00e9n\u00e9ration, avec un processeur quad-core i3 8100 fonctionnant \u00e0 3,6 GHz.<\/p>\n<p><img loading=\"lazy\" decoding=\"async\" class=\"alignnone size-full wp-image-5291\" src=\"https:\/\/www.baetisaudio.com\/wp-content\/uploads\/2020\/02\/baetis-audio-awards-800x200-1.png\" alt=\"\" width=\"800\" height=\"200\" srcset=\"https:\/\/www.baetisaudio.com\/wp-content\/uploads\/2020\/02\/baetis-audio-awards-800x200-1.png 800w, https:\/\/www.baetisaudio.com\/wp-content\/uploads\/2020\/02\/baetis-audio-awards-800x200-1-300x75.png 300w, https:\/\/www.baetisaudio.com\/wp-content\/uploads\/2020\/02\/baetis-audio-awards-800x200-1-600x150.png 600w, https:\/\/www.baetisaudio.com\/wp-content\/uploads\/2020\/02\/baetis-audio-awards-800x200-1-768x192.png 768w\" sizes=\"auto, (max-width: 800px) 100vw, 800px\" \/><\/p>\n","protected":false},"featured_media":6266,"comment_status":"closed","ping_status":"closed","template":"","meta":[],"product_brand":[],"product_cat":[80],"product_tag":[],"class_list":{"0":"post-6265","1":"product","2":"type-product","3":"status-publish","4":"has-post-thumbnail","6":"product_cat-modeles-prodigy","8":"first","9":"outofstock","10":"sold-individually","11":"taxable","12":"shipping-taxable","13":"product-type-simple"},"yoast_head":"<!-- This site is optimized with the Yoast SEO plugin v27.4 - https:\/\/yoast.com\/product\/yoast-seo-wordpress\/ -->\n<title>Baetis Audio Prodigy 3B (h\u00e9rit\u00e9) - Baetis Audio\u2122<\/title>\n<meta name=\"description\" content=\"The Prodigy 3B is the baby of our Baetis line. It is modular to suit your budget and desired outputs. Importantly, it is now an 8th generation Intel model.\" \/>\n<meta name=\"robots\" content=\"index, follow, max-snippet:-1, max-image-preview:large, max-video-preview:-1\" \/>\n<link rel=\"canonical\" href=\"https:\/\/www.baetisaudio.com\/fr\/produit\/baetis-audio-prodigy-3b\/\" \/>\n<meta property=\"og:locale\" content=\"fr_FR\" \/>\n<meta property=\"og:type\" content=\"article\" \/>\n<meta property=\"og:title\" content=\"Baetis Audio Prodigy 3B (h\u00e9rit\u00e9) - Baetis Audio\u2122\" \/>\n<meta property=\"og:description\" content=\"The Prodigy 3B is the baby of our Baetis line. It is modular to suit your budget and desired outputs. Importantly, it is now an 8th generation Intel model.\" \/>\n<meta property=\"og:url\" content=\"https:\/\/www.baetisaudio.com\/fr\/produit\/baetis-audio-prodigy-3b\/\" \/>\n<meta property=\"og:site_name\" content=\"Baetis Audio\u2122\" \/>\n<meta property=\"article:publisher\" content=\"https:\/\/www.facebook.com\/baetisaudio\" \/>\n<meta property=\"article:modified_time\" content=\"2024-10-20T02:32:01+00:00\" \/>\n<meta property=\"og:image\" content=\"https:\/\/www.baetisaudio.com\/wp-content\/uploads\/2020\/02\/baetis-audio-prodigy-3B-front-800x400-1.jpg\" \/>\n\t<meta property=\"og:image:width\" content=\"800\" \/>\n\t<meta property=\"og:image:height\" content=\"400\" \/>\n\t<meta property=\"og:image:type\" content=\"image\/jpeg\" \/>\n<meta name=\"twitter:card\" content=\"summary_large_image\" \/>\n<meta name=\"twitter:label1\" content=\"Prix\" \/>\n\t<meta name=\"twitter:data1\" content=\"\" \/>\n\t<meta name=\"twitter:label2\" content=\"Disponibilit\u00e9\" \/>\n\t<meta name=\"twitter:data2\" content=\"Rupture de stock\" \/>\n<script type=\"application\/ld+json\" class=\"yoast-schema-graph\">{\"@context\":\"https:\\\/\\\/schema.org\",\"@graph\":[{\"@type\":\"WebPage\",\"@id\":\"https:\\\/\\\/www.baetisaudio.com\\\/fr\\\/produit\\\/baetis-audio-prodigy-3b\\\/\",\"url\":\"https:\\\/\\\/www.baetisaudio.com\\\/fr\\\/produit\\\/baetis-audio-prodigy-3b\\\/\",\"name\":\"Baetis Audio Prodigy 3B (h\u00e9rit\u00e9) - Baetis Audio\u2122\",\"isPartOf\":{\"@id\":\"https:\\\/\\\/www.baetisaudio.com\\\/fr\\\/#website\"},\"primaryImageOfPage\":{\"@id\":\"https:\\\/\\\/www.baetisaudio.com\\\/fr\\\/produit\\\/baetis-audio-prodigy-3b\\\/#primaryimage\"},\"image\":{\"@id\":\"https:\\\/\\\/www.baetisaudio.com\\\/fr\\\/produit\\\/baetis-audio-prodigy-3b\\\/#primaryimage\"},\"thumbnailUrl\":\"https:\\\/\\\/www.baetisaudio.com\\\/wp-content\\\/uploads\\\/2020\\\/02\\\/baetis-audio-prodigy-3B-front-800x400-1.jpg\",\"datePublished\":\"2020-02-06T10:02:30+00:00\",\"dateModified\":\"2024-10-20T02:32:01+00:00\",\"description\":\"The Prodigy 3B is the baby of our Baetis line. It is modular to suit your budget and desired outputs. Importantly, it is now an 8th generation Intel model.\",\"breadcrumb\":{\"@id\":\"https:\\\/\\\/www.baetisaudio.com\\\/fr\\\/produit\\\/baetis-audio-prodigy-3b\\\/#breadcrumb\"},\"inLanguage\":\"fr-FR\",\"potentialAction\":[{\"@type\":\"ReadAction\",\"target\":[\"https:\\\/\\\/www.baetisaudio.com\\\/fr\\\/produit\\\/baetis-audio-prodigy-3b\\\/\"]}]},{\"@type\":\"ImageObject\",\"inLanguage\":\"fr-FR\",\"@id\":\"https:\\\/\\\/www.baetisaudio.com\\\/fr\\\/produit\\\/baetis-audio-prodigy-3b\\\/#primaryimage\",\"url\":\"https:\\\/\\\/www.baetisaudio.com\\\/wp-content\\\/uploads\\\/2020\\\/02\\\/baetis-audio-prodigy-3B-front-800x400-1.jpg\",\"contentUrl\":\"https:\\\/\\\/www.baetisaudio.com\\\/wp-content\\\/uploads\\\/2020\\\/02\\\/baetis-audio-prodigy-3B-front-800x400-1.jpg\",\"width\":800,\"height\":400,\"caption\":\"prodigy 3B\"},{\"@type\":\"BreadcrumbList\",\"@id\":\"https:\\\/\\\/www.baetisaudio.com\\\/fr\\\/produit\\\/baetis-audio-prodigy-3b\\\/#breadcrumb\",\"itemListElement\":[{\"@type\":\"ListItem\",\"position\":1,\"name\":\"Home\",\"item\":\"https:\\\/\\\/www.baetisaudio.com\\\/fr\\\/\"},{\"@type\":\"ListItem\",\"position\":2,\"name\":\"Produits\",\"item\":\"https:\\\/\\\/www.baetisaudio.com\\\/fr\\\/produits\\\/\"},{\"@type\":\"ListItem\",\"position\":3,\"name\":\"Baetis Audio Prodigy 3B (h\u00e9rit\u00e9)\"}]},{\"@type\":\"WebSite\",\"@id\":\"https:\\\/\\\/www.baetisaudio.com\\\/fr\\\/#website\",\"url\":\"https:\\\/\\\/www.baetisaudio.com\\\/fr\\\/\",\"name\":\"Baetis Audio - The Very Best in Media Computers and High-end Audio\",\"description\":\"The Very Best in Media Computers and High-end Audio\",\"publisher\":{\"@id\":\"https:\\\/\\\/www.baetisaudio.com\\\/fr\\\/#organization\"},\"potentialAction\":[{\"@type\":\"SearchAction\",\"target\":{\"@type\":\"EntryPoint\",\"urlTemplate\":\"https:\\\/\\\/www.baetisaudio.com\\\/fr\\\/?s={search_term_string}\"},\"query-input\":{\"@type\":\"PropertyValueSpecification\",\"valueRequired\":true,\"valueName\":\"search_term_string\"}}],\"inLanguage\":\"fr-FR\"},{\"@type\":\"Organization\",\"@id\":\"https:\\\/\\\/www.baetisaudio.com\\\/fr\\\/#organization\",\"name\":\"Baetis Audio\",\"url\":\"https:\\\/\\\/www.baetisaudio.com\\\/fr\\\/\",\"logo\":{\"@type\":\"ImageObject\",\"inLanguage\":\"fr-FR\",\"@id\":\"https:\\\/\\\/www.baetisaudio.com\\\/fr\\\/#\\\/schema\\\/logo\\\/image\\\/\",\"url\":\"https:\\\/\\\/www.baetisaudio.com\\\/wp-content\\\/uploads\\\/2020\\\/04\\\/baetis-audio-logo-white-370x370-1.png\",\"contentUrl\":\"https:\\\/\\\/www.baetisaudio.com\\\/wp-content\\\/uploads\\\/2020\\\/04\\\/baetis-audio-logo-white-370x370-1.png\",\"width\":370,\"height\":370,\"caption\":\"Baetis Audio\"},\"image\":{\"@id\":\"https:\\\/\\\/www.baetisaudio.com\\\/fr\\\/#\\\/schema\\\/logo\\\/image\\\/\"},\"sameAs\":[\"https:\\\/\\\/www.facebook.com\\\/baetisaudio\"]}]}<\/script>\n<meta property=\"product:price:currency\" content=\"USD\" \/>\n<meta property=\"og:availability\" content=\"out of stock\" \/>\n<meta property=\"product:availability\" content=\"out of stock\" \/>\n<meta property=\"product:retailer_item_id\" content=\"BAETISPRY3B\" \/>\n<meta property=\"product:condition\" content=\"new\" \/>\n<!-- \/ Yoast SEO plugin. -->","yoast_head_json":{"title":"Baetis Audio Prodigy 3B (h\u00e9rit\u00e9) - Baetis Audio\u2122","description":"The Prodigy 3B is the baby of our Baetis line. It is modular to suit your budget and desired outputs. Importantly, it is now an 8th generation Intel model.","robots":{"index":"index","follow":"follow","max-snippet":"max-snippet:-1","max-image-preview":"max-image-preview:large","max-video-preview":"max-video-preview:-1"},"canonical":"https:\/\/www.baetisaudio.com\/fr\/produit\/baetis-audio-prodigy-3b\/","og_locale":"fr_FR","og_type":"article","og_title":"Baetis Audio Prodigy 3B (h\u00e9rit\u00e9) - Baetis Audio\u2122","og_description":"The Prodigy 3B is the baby of our Baetis line. It is modular to suit your budget and desired outputs. Importantly, it is now an 8th generation Intel model.","og_url":"https:\/\/www.baetisaudio.com\/fr\/produit\/baetis-audio-prodigy-3b\/","og_site_name":"Baetis Audio\u2122","article_publisher":"https:\/\/www.facebook.com\/baetisaudio","article_modified_time":"2024-10-20T02:32:01+00:00","og_image":[{"width":800,"height":400,"url":"https:\/\/www.baetisaudio.com\/wp-content\/uploads\/2020\/02\/baetis-audio-prodigy-3B-front-800x400-1.jpg","type":"image\/jpeg"}],"twitter_card":"summary_large_image","twitter_misc":{"Prix":"","Disponibilit\u00e9":"Rupture de stock"},"schema":{"@context":"https:\/\/schema.org","@graph":[{"@type":"WebPage","@id":"https:\/\/www.baetisaudio.com\/fr\/produit\/baetis-audio-prodigy-3b\/","url":"https:\/\/www.baetisaudio.com\/fr\/produit\/baetis-audio-prodigy-3b\/","name":"Baetis Audio Prodigy 3B (h\u00e9rit\u00e9) - Baetis Audio\u2122","isPartOf":{"@id":"https:\/\/www.baetisaudio.com\/fr\/#website"},"primaryImageOfPage":{"@id":"https:\/\/www.baetisaudio.com\/fr\/produit\/baetis-audio-prodigy-3b\/#primaryimage"},"image":{"@id":"https:\/\/www.baetisaudio.com\/fr\/produit\/baetis-audio-prodigy-3b\/#primaryimage"},"thumbnailUrl":"https:\/\/www.baetisaudio.com\/wp-content\/uploads\/2020\/02\/baetis-audio-prodigy-3B-front-800x400-1.jpg","datePublished":"2020-02-06T10:02:30+00:00","dateModified":"2024-10-20T02:32:01+00:00","description":"The Prodigy 3B is the baby of our Baetis line. It is modular to suit your budget and desired outputs. Importantly, it is now an 8th generation Intel model.","breadcrumb":{"@id":"https:\/\/www.baetisaudio.com\/fr\/produit\/baetis-audio-prodigy-3b\/#breadcrumb"},"inLanguage":"fr-FR","potentialAction":[{"@type":"ReadAction","target":["https:\/\/www.baetisaudio.com\/fr\/produit\/baetis-audio-prodigy-3b\/"]}]},{"@type":"ImageObject","inLanguage":"fr-FR","@id":"https:\/\/www.baetisaudio.com\/fr\/produit\/baetis-audio-prodigy-3b\/#primaryimage","url":"https:\/\/www.baetisaudio.com\/wp-content\/uploads\/2020\/02\/baetis-audio-prodigy-3B-front-800x400-1.jpg","contentUrl":"https:\/\/www.baetisaudio.com\/wp-content\/uploads\/2020\/02\/baetis-audio-prodigy-3B-front-800x400-1.jpg","width":800,"height":400,"caption":"prodigy 3B"},{"@type":"BreadcrumbList","@id":"https:\/\/www.baetisaudio.com\/fr\/produit\/baetis-audio-prodigy-3b\/#breadcrumb","itemListElement":[{"@type":"ListItem","position":1,"name":"Home","item":"https:\/\/www.baetisaudio.com\/fr\/"},{"@type":"ListItem","position":2,"name":"Produits","item":"https:\/\/www.baetisaudio.com\/fr\/produits\/"},{"@type":"ListItem","position":3,"name":"Baetis Audio Prodigy 3B (h\u00e9rit\u00e9)"}]},{"@type":"WebSite","@id":"https:\/\/www.baetisaudio.com\/fr\/#website","url":"https:\/\/www.baetisaudio.com\/fr\/","name":"Baetis Audio - The Very Best in Media Computers and High-end Audio","description":"The Very Best in Media Computers and High-end Audio","publisher":{"@id":"https:\/\/www.baetisaudio.com\/fr\/#organization"},"potentialAction":[{"@type":"SearchAction","target":{"@type":"EntryPoint","urlTemplate":"https:\/\/www.baetisaudio.com\/fr\/?s={search_term_string}"},"query-input":{"@type":"PropertyValueSpecification","valueRequired":true,"valueName":"search_term_string"}}],"inLanguage":"fr-FR"},{"@type":"Organization","@id":"https:\/\/www.baetisaudio.com\/fr\/#organization","name":"Baetis Audio","url":"https:\/\/www.baetisaudio.com\/fr\/","logo":{"@type":"ImageObject","inLanguage":"fr-FR","@id":"https:\/\/www.baetisaudio.com\/fr\/#\/schema\/logo\/image\/","url":"https:\/\/www.baetisaudio.com\/wp-content\/uploads\/2020\/04\/baetis-audio-logo-white-370x370-1.png","contentUrl":"https:\/\/www.baetisaudio.com\/wp-content\/uploads\/2020\/04\/baetis-audio-logo-white-370x370-1.png","width":370,"height":370,"caption":"Baetis Audio"},"image":{"@id":"https:\/\/www.baetisaudio.com\/fr\/#\/schema\/logo\/image\/"},"sameAs":["https:\/\/www.facebook.com\/baetisaudio"]}]},"product_price_currency":"USD","og_availability":"out of stock","product_availability":"out of stock","product_retailer_item_id":"BAETISPRY3B","product_condition":"new"},"_links":{"self":[{"href":"https:\/\/www.baetisaudio.com\/fr\/wp-json\/wp\/v2\/product\/6265","targetHints":{"allow":["GET"]}}],"collection":[{"href":"https:\/\/www.baetisaudio.com\/fr\/wp-json\/wp\/v2\/product"}],"about":[{"href":"https:\/\/www.baetisaudio.com\/fr\/wp-json\/wp\/v2\/types\/product"}],"replies":[{"embeddable":true,"href":"https:\/\/www.baetisaudio.com\/fr\/wp-json\/wp\/v2\/comments?post=6265"}],"wp:featuredmedia":[{"embeddable":true,"href":"https:\/\/www.baetisaudio.com\/fr\/wp-json\/wp\/v2\/media\/6266"}],"wp:attachment":[{"href":"https:\/\/www.baetisaudio.com\/fr\/wp-json\/wp\/v2\/media?parent=6265"}],"wp:term":[{"taxonomy":"product_brand","embeddable":true,"href":"https:\/\/www.baetisaudio.com\/fr\/wp-json\/wp\/v2\/product_brand?post=6265"},{"taxonomy":"product_cat","embeddable":true,"href":"https:\/\/www.baetisaudio.com\/fr\/wp-json\/wp\/v2\/product_cat?post=6265"},{"taxonomy":"product_tag","embeddable":true,"href":"https:\/\/www.baetisaudio.com\/fr\/wp-json\/wp\/v2\/product_tag?post=6265"}],"curies":[{"name":"wp","href":"https:\/\/api.w.org\/{rel}","templated":true}]}}