{"id":6173,"date":"2020-11-21T12:29:34","date_gmt":"2020-11-21T12:29:34","guid":{"rendered":"https:\/\/www.baetisaudio.com\/?page_id=6173"},"modified":"2020-11-25T00:52:19","modified_gmt":"2020-11-25T00:52:19","slug":"achat","status":"publish","type":"page","link":"https:\/\/www.baetisaudio.com\/fr\/achat\/","title":{"rendered":"Achat"},"content":{"rendered":"[vc_row type=\u00a0\u00bbin_container\u00a0\u00bb full_screen_row_position=\u00a0\u00bbmiddle\u00a0\u00bb column_margin=\u00a0\u00bbdefault\u00a0\u00bb column_direction=\u00a0\u00bbdefault\u00a0\u00bb column_direction_tablet=\u00a0\u00bbdefault\u00a0\u00bb column_direction_phone=\u00a0\u00bbdefault\u00a0\u00bb scene_position=\u00a0\u00bbcenter\u00a0\u00bb top_padding=\u00a0\u00bb40&Prime; text_color=\u00a0\u00bbdark\u00a0\u00bb text_align=\u00a0\u00bbleft\u00a0\u00bb row_border_radius=\u00a0\u00bbnone\u00a0\u00bb row_border_radius_applies=\u00a0\u00bbbg\u00a0\u00bb overlay_strength=\u00a0\u00bb0.3&Prime; gradient_direction=\u00a0\u00bbleft_to_right\u00a0\u00bb shape_divider_position=\u00a0\u00bbbottom\u00a0\u00bb bg_image_animation=\u00a0\u00bbnone\u00a0\u00bb shape_type=\u00a0\u00bb\u00a0\u00bb][vc_column column_padding=\u00a0\u00bbno-extra-padding\u00a0\u00bb column_padding_tablet=\u00a0\u00bbinherit\u00a0\u00bb column_padding_phone=\u00a0\u00bbinherit\u00a0\u00bb column_padding_position=\u00a0\u00bball\u00a0\u00bb background_color_opacity=\u00a0\u00bb1&Prime; background_hover_color_opacity=\u00a0\u00bb1&Prime; column_shadow=\u00a0\u00bbnone\u00a0\u00bb column_border_radius=\u00a0\u00bbnone\u00a0\u00bb column_link_target=\u00a0\u00bb_self\u00a0\u00bb gradient_direction=\u00a0\u00bbleft_to_right\u00a0\u00bb overlay_strength=\u00a0\u00bb0.3&Prime; width=\u00a0\u00bb1\/1&Prime; tablet_width_inherit=\u00a0\u00bbdefault\u00a0\u00bb tablet_text_alignment=\u00a0\u00bbdefault\u00a0\u00bb phone_text_alignment=\u00a0\u00bbdefault\u00a0\u00bb column_border_width=\u00a0\u00bbnone\u00a0\u00bb column_border_style=\u00a0\u00bbsolid\u00a0\u00bb bg_image_animation=\u00a0\u00bbnone\u00a0\u00bb][vc_column_text]Nous vendons nos mod\u00e8les de Reference et de Revolution par l&rsquo;interm\u00e9diaire de tr\u00e8s peu de revendeurs\u00a0 hautement exp\u00e9riment\u00e9s ayant les connaissances n\u00e9cessaires sur le meilleur de la musique et de la vid\u00e9o num\u00e9riques. Nous vendons ces mod\u00e8les directement uniquement s&rsquo;il n&rsquo;y a pas de revendeur pratique dans votre r\u00e9gion. Nos mod\u00e8les Prodigy sont vendus directement, tout comme nos syst\u00e8mes remis \u00e0 neuf et ex-d\u00e9mo. Chez les concessionnaires, vous pouvez entendre et voir un mod\u00e8le de r\u00e9f\u00e9rence Baetis au travail et recevoir de bons conseils sur tous les autres \u00e9l\u00e9ments de votre syst\u00e8me. Nos d\u00e9monstrateurs, quant \u00e0 eux, repr\u00e9sentent un groupe unique de propri\u00e9taires r\u00e9els de Baetis qui peuvent soit vous montrer comment un Baetis fonctionne dans leur propre syst\u00e8me, soit apporter un Baetis (plus un superbe DAC) chez vous pour une d\u00e9monstration. Veuillez d&rsquo;abord nous contacter et nous vous aiderons \u00e0 mettre en place une d\u00e9mo avec l&rsquo;un de nos d\u00e9monstrateurs:<\/p>\n<p>baetisjoe@gmail.com<br \/>\n1-888-357-0035.<\/p>\n<p>S&rsquo;il n&rsquo;y a pas de revendeur ou de d\u00e9monstrateur pr\u00e8s de chez vous, veuillez discuter avec Joe de l&rsquo;achat d&rsquo;un Baetis directement chez nous avec une p\u00e9riode d&rsquo;essai \u00e0 domicile de 15 jours.<\/p>\n<h2>Californie<\/h2>\n<p>Gary Katayama<br \/>\nZone audiophile<br \/>\n1565, ruelle Hollister<br \/>\nLos Osos, Californie 93402<br \/>\n(888) 652-0104<br \/>\nwww.audiophilezone.com<br \/>\nsales@audiophilezone.com<\/p>\n<h2>Seattle, r\u00e9gion m\u00e9tropolitaine de Washington<\/h2>\n<p>Dan Mingo<br \/>\nSnohomish, WA<br \/>\ndnansmingo@hotmail.com<\/p>\n<h2>Nouvelle-Angleterre<\/h2>\n<p>Goodwin&rsquo;s High End<br \/>\n899, rue Main<br \/>\nWaltham, MA 02451<br \/>\n781-893-9000<br \/>\nwww.goodwinshighend.com<br \/>\npaul@goodwinshighend.com<\/p>\n<h2>Zone m\u00e9tropolitaine de New York<\/h2>\n<p>Dave Lalin<br \/>\nDocteur audio<br \/>\n112 Sherman Place<br \/>\nJersey City, NJ 07307<br \/>\nsales@audiodoctor.com<br \/>\n(646) 239-7724<\/p>\n<h2>R\u00e9gion m\u00e9tropolitaine de Philadelphie<\/h2>\n<p>James (Jim) Ley<br \/>\nWest Chester, Pennsylvanie<br \/>\nrevjamesley@verizon.net<br \/>\n(610) 455-1037<\/p>\n<h2>Floride<\/h2>\n<p>Stefan Prinsloo<br \/>\nNiceville, FL 32578<br \/>\nstefan@bluesnowtechnology.com<\/p>\n<h2>Nouveau Mexique<\/h2>\n<p>Audio absolu<br \/>\n3600, chemin Cerrillos # 1106a<br \/>\nSanta Fe, NM 02451<br \/>\n505-424-9333 ou 505-920-6018<br \/>\nwolfgangb@earthlink.net<br \/>\nwww.newmexicoaudio.com<\/p>\n<h2>Illinois<\/h2>\n<p>David Bisaillon<br \/>\nBourbonnais, IL 60914<br \/>\ndbis@comcast.net<\/p>\n<h2>Alberta, Canada<\/h2>\n<p>Robert Theberge<br \/>\nSt Albert, Alberta<br \/>\nCanada T8N 2B2<br \/>\nrtheberge2003@yahoo.com<\/p>\n<h2>Ontario, Canada<\/h2>\n<p>Frank Fazzalari<br \/>\nLe Pr\u00e9sident Guy<br \/>\n700, chemin Glover<br \/>\nHannon, Ontario L0R 1P0 Canada<br \/>\n905-518-1240<br \/>\nspeakerguy@sourcecable.net<\/p>\n<h2>Montr\u00e9al Canada<\/h2>\n<p>Joe Makkerh<br \/>\n888-357-0035<br \/>\nbaetisjoe@gmail.com<\/p>\n<h2>Australie<\/h2>\n<p>Simon Bailey<br \/>\nBentleigh Victoria 3204<br \/>\nAustralie<br \/>\nsimon.k.bailey@gmail.com<\/p>\n<h2>Br\u00e9sil<\/h2>\n<p>Syst\u00e8mes A \/ V performants<br \/>\nRua Prof Joao Mendes Franca, 175<br \/>\nSao Paulo &#8211; SP Brasil<br \/>\n55 +11 5103-0033<br \/>\njoseabescobar@gmail.com<\/p>\n<h2>Indon\u00e9sie<\/h2>\n<p>Image de musique<br \/>\nUnit\u00e9 Deoaze 23<br \/>\nJakarta Barat 11440<br \/>\nINDON\u00c9SIE<br \/>\n+62816-169-7888<br \/>\nmusicimageindonesia@gmail.com<\/p>\n<h2>Singapour et Malaisie<\/h2>\n<p>Sound Affairs Pte Ltd<br \/>\n100, chemin Bench, Shaw Tower # 02-34 \/ 35<br \/>\nSingapour 189702<br \/>\n+65 9694 9704<br \/>\njamessoh@mysoundaffairs.com<br \/>\nwww.mysoundaffairs.com[\/vc_column_text][\/vc_column][\/vc_row]\n","protected":false},"excerpt":{"rendered":"<p>[vc_row type=\u00a0\u00bbin_container\u00a0\u00bb full_screen_row_position=\u00a0\u00bbmiddle\u00a0\u00bb column_margin=\u00a0\u00bbdefault\u00a0\u00bb column_direction=\u00a0\u00bbdefault\u00a0\u00bb column_direction_tablet=\u00a0\u00bbdefault\u00a0\u00bb column_direction_phone=\u00a0\u00bbdefault\u00a0\u00bb scene_position=\u00a0\u00bbcenter\u00a0\u00bb top_padding=\u00a0\u00bb40&Prime; text_color=\u00a0\u00bbdark\u00a0\u00bb text_align=\u00a0\u00bbleft\u00a0\u00bb row_border_radius=\u00a0\u00bbnone\u00a0\u00bb row_border_radius_applies=\u00a0\u00bbbg\u00a0\u00bb overlay_strength=\u00a0\u00bb0.3&Prime; gradient_direction=\u00a0\u00bbleft_to_right\u00a0\u00bb shape_divider_position=\u00a0\u00bbbottom\u00a0\u00bb bg_image_animation=\u00a0\u00bbnone\u00a0\u00bb shape_type=\u00a0\u00bb\u00a0\u00bb][vc_column column_padding=\u00a0\u00bbno-extra-padding\u00a0\u00bb column_padding_tablet=\u00a0\u00bbinherit\u00a0\u00bb column_padding_phone=\u00a0\u00bbinherit\u00a0\u00bb column_padding_position=\u00a0\u00bball\u00a0\u00bb background_color_opacity=\u00a0\u00bb1&Prime; background_hover_color_opacity=\u00a0\u00bb1&Prime; column_shadow=\u00a0\u00bbnone\u00a0\u00bb column_border_radius=\u00a0\u00bbnone\u00a0\u00bb column_link_target=\u00a0\u00bb_self\u00a0\u00bb gradient_direction=\u00a0\u00bbleft_to_right\u00a0\u00bb overlay_strength=\u00a0\u00bb0.3&Prime; width=\u00a0\u00bb1\/1&Prime;&#8230;<\/p>\n","protected":false},"author":101012,"featured_media":0,"parent":0,"menu_order":0,"comment_status":"closed","ping_status":"closed","template":"","meta":{"footnotes":""},"class_list":["post-6173","page","type-page","status-publish"],"yoast_head":"<!-- This site is optimized with the Yoast SEO plugin v27.4 - https:\/\/yoast.com\/product\/yoast-seo-wordpress\/ -->\n<title>Achat - Baetis Audio\u2122<\/title>\n<meta name=\"robots\" content=\"index, follow, max-snippet:-1, max-image-preview:large, max-video-preview:-1\" \/>\n<link rel=\"canonical\" href=\"https:\/\/www.baetisaudio.com\/fr\/achat\/\" \/>\n<meta property=\"og:locale\" content=\"fr_FR\" \/>\n<meta property=\"og:type\" content=\"article\" \/>\n<meta property=\"og:title\" content=\"Achat - Baetis Audio\u2122\" \/>\n<meta property=\"og:description\" content=\"[vc_row type=\u00a0\u00bbin_container\u00a0\u00bb full_screen_row_position=\u00a0\u00bbmiddle\u00a0\u00bb column_margin=\u00a0\u00bbdefault\u00a0\u00bb column_direction=\u00a0\u00bbdefault\u00a0\u00bb column_direction_tablet=\u00a0\u00bbdefault\u00a0\u00bb column_direction_phone=\u00a0\u00bbdefault\u00a0\u00bb scene_position=\u00a0\u00bbcenter\u00a0\u00bb top_padding=\u00a0\u00bb40&Prime; text_color=\u00a0\u00bbdark\u00a0\u00bb text_align=\u00a0\u00bbleft\u00a0\u00bb row_border_radius=\u00a0\u00bbnone\u00a0\u00bb row_border_radius_applies=\u00a0\u00bbbg\u00a0\u00bb overlay_strength=\u00a0\u00bb0.3&Prime; gradient_direction=\u00a0\u00bbleft_to_right\u00a0\u00bb shape_divider_position=\u00a0\u00bbbottom\u00a0\u00bb bg_image_animation=\u00a0\u00bbnone\u00a0\u00bb shape_type=\u00a0\u00bb\u00a0\u00bb][vc_column column_padding=\u00a0\u00bbno-extra-padding\u00a0\u00bb column_padding_tablet=\u00a0\u00bbinherit\u00a0\u00bb column_padding_phone=\u00a0\u00bbinherit\u00a0\u00bb column_padding_position=\u00a0\u00bball\u00a0\u00bb background_color_opacity=\u00a0\u00bb1&Prime; background_hover_color_opacity=\u00a0\u00bb1&Prime; column_shadow=\u00a0\u00bbnone\u00a0\u00bb column_border_radius=\u00a0\u00bbnone\u00a0\u00bb column_link_target=\u00a0\u00bb_self\u00a0\u00bb gradient_direction=\u00a0\u00bbleft_to_right\u00a0\u00bb overlay_strength=\u00a0\u00bb0.3&Prime; width=\u00a0\u00bb1\/1&Prime;...\" \/>\n<meta property=\"og:url\" content=\"https:\/\/www.baetisaudio.com\/fr\/achat\/\" \/>\n<meta property=\"og:site_name\" content=\"Baetis Audio\u2122\" \/>\n<meta property=\"article:publisher\" content=\"https:\/\/www.facebook.com\/baetisaudio\" \/>\n<meta property=\"article:modified_time\" content=\"2020-11-25T00:52:19+00:00\" \/>\n<meta name=\"twitter:card\" content=\"summary_large_image\" \/>\n<meta name=\"twitter:label1\" content=\"Dur\u00e9e de lecture estim\u00e9e\" \/>\n\t<meta name=\"twitter:data1\" content=\"3 minutes\" \/>\n<script type=\"application\/ld+json\" class=\"yoast-schema-graph\">{\"@context\":\"https:\\\/\\\/schema.org\",\"@graph\":[{\"@type\":\"WebPage\",\"@id\":\"https:\\\/\\\/www.baetisaudio.com\\\/fr\\\/achat\\\/\",\"url\":\"https:\\\/\\\/www.baetisaudio.com\\\/fr\\\/achat\\\/\",\"name\":\"Achat - Baetis Audio\u2122\",\"isPartOf\":{\"@id\":\"https:\\\/\\\/www.baetisaudio.com\\\/fr\\\/#website\"},\"datePublished\":\"2020-11-21T12:29:34+00:00\",\"dateModified\":\"2020-11-25T00:52:19+00:00\",\"breadcrumb\":{\"@id\":\"https:\\\/\\\/www.baetisaudio.com\\\/fr\\\/achat\\\/#breadcrumb\"},\"inLanguage\":\"fr-FR\",\"potentialAction\":[{\"@type\":\"ReadAction\",\"target\":[\"https:\\\/\\\/www.baetisaudio.com\\\/fr\\\/achat\\\/\"]}]},{\"@type\":\"BreadcrumbList\",\"@id\":\"https:\\\/\\\/www.baetisaudio.com\\\/fr\\\/achat\\\/#breadcrumb\",\"itemListElement\":[{\"@type\":\"ListItem\",\"position\":1,\"name\":\"Home\",\"item\":\"https:\\\/\\\/www.baetisaudio.com\\\/fr\\\/\"},{\"@type\":\"ListItem\",\"position\":2,\"name\":\"Achat\"}]},{\"@type\":\"WebSite\",\"@id\":\"https:\\\/\\\/www.baetisaudio.com\\\/fr\\\/#website\",\"url\":\"https:\\\/\\\/www.baetisaudio.com\\\/fr\\\/\",\"name\":\"Baetis Audio - The Very Best in Media Computers and High-end Audio\",\"description\":\"The Very Best in Media Computers and High-end Audio\",\"publisher\":{\"@id\":\"https:\\\/\\\/www.baetisaudio.com\\\/fr\\\/#organization\"},\"potentialAction\":[{\"@type\":\"SearchAction\",\"target\":{\"@type\":\"EntryPoint\",\"urlTemplate\":\"https:\\\/\\\/www.baetisaudio.com\\\/fr\\\/?s={search_term_string}\"},\"query-input\":{\"@type\":\"PropertyValueSpecification\",\"valueRequired\":true,\"valueName\":\"search_term_string\"}}],\"inLanguage\":\"fr-FR\"},{\"@type\":\"Organization\",\"@id\":\"https:\\\/\\\/www.baetisaudio.com\\\/fr\\\/#organization\",\"name\":\"Baetis Audio\",\"url\":\"https:\\\/\\\/www.baetisaudio.com\\\/fr\\\/\",\"logo\":{\"@type\":\"ImageObject\",\"inLanguage\":\"fr-FR\",\"@id\":\"https:\\\/\\\/www.baetisaudio.com\\\/fr\\\/#\\\/schema\\\/logo\\\/image\\\/\",\"url\":\"https:\\\/\\\/www.baetisaudio.com\\\/wp-content\\\/uploads\\\/2020\\\/04\\\/baetis-audio-logo-white-370x370-1.png\",\"contentUrl\":\"https:\\\/\\\/www.baetisaudio.com\\\/wp-content\\\/uploads\\\/2020\\\/04\\\/baetis-audio-logo-white-370x370-1.png\",\"width\":370,\"height\":370,\"caption\":\"Baetis Audio\"},\"image\":{\"@id\":\"https:\\\/\\\/www.baetisaudio.com\\\/fr\\\/#\\\/schema\\\/logo\\\/image\\\/\"},\"sameAs\":[\"https:\\\/\\\/www.facebook.com\\\/baetisaudio\"]}]}<\/script>\n<!-- \/ Yoast SEO plugin. -->","yoast_head_json":{"title":"Achat - Baetis Audio\u2122","robots":{"index":"index","follow":"follow","max-snippet":"max-snippet:-1","max-image-preview":"max-image-preview:large","max-video-preview":"max-video-preview:-1"},"canonical":"https:\/\/www.baetisaudio.com\/fr\/achat\/","og_locale":"fr_FR","og_type":"article","og_title":"Achat - Baetis Audio\u2122","og_description":"[vc_row type=\u00a0\u00bbin_container\u00a0\u00bb full_screen_row_position=\u00a0\u00bbmiddle\u00a0\u00bb column_margin=\u00a0\u00bbdefault\u00a0\u00bb column_direction=\u00a0\u00bbdefault\u00a0\u00bb column_direction_tablet=\u00a0\u00bbdefault\u00a0\u00bb column_direction_phone=\u00a0\u00bbdefault\u00a0\u00bb scene_position=\u00a0\u00bbcenter\u00a0\u00bb top_padding=\u00a0\u00bb40&Prime; text_color=\u00a0\u00bbdark\u00a0\u00bb text_align=\u00a0\u00bbleft\u00a0\u00bb row_border_radius=\u00a0\u00bbnone\u00a0\u00bb row_border_radius_applies=\u00a0\u00bbbg\u00a0\u00bb overlay_strength=\u00a0\u00bb0.3&Prime; gradient_direction=\u00a0\u00bbleft_to_right\u00a0\u00bb shape_divider_position=\u00a0\u00bbbottom\u00a0\u00bb bg_image_animation=\u00a0\u00bbnone\u00a0\u00bb shape_type=\u00a0\u00bb\u00a0\u00bb][vc_column column_padding=\u00a0\u00bbno-extra-padding\u00a0\u00bb column_padding_tablet=\u00a0\u00bbinherit\u00a0\u00bb column_padding_phone=\u00a0\u00bbinherit\u00a0\u00bb column_padding_position=\u00a0\u00bball\u00a0\u00bb background_color_opacity=\u00a0\u00bb1&Prime; background_hover_color_opacity=\u00a0\u00bb1&Prime; column_shadow=\u00a0\u00bbnone\u00a0\u00bb column_border_radius=\u00a0\u00bbnone\u00a0\u00bb column_link_target=\u00a0\u00bb_self\u00a0\u00bb gradient_direction=\u00a0\u00bbleft_to_right\u00a0\u00bb overlay_strength=\u00a0\u00bb0.3&Prime; width=\u00a0\u00bb1\/1&Prime;...","og_url":"https:\/\/www.baetisaudio.com\/fr\/achat\/","og_site_name":"Baetis Audio\u2122","article_publisher":"https:\/\/www.facebook.com\/baetisaudio","article_modified_time":"2020-11-25T00:52:19+00:00","twitter_card":"summary_large_image","twitter_misc":{"Dur\u00e9e de lecture estim\u00e9e":"3 minutes"},"schema":{"@context":"https:\/\/schema.org","@graph":[{"@type":"WebPage","@id":"https:\/\/www.baetisaudio.com\/fr\/achat\/","url":"https:\/\/www.baetisaudio.com\/fr\/achat\/","name":"Achat - Baetis Audio\u2122","isPartOf":{"@id":"https:\/\/www.baetisaudio.com\/fr\/#website"},"datePublished":"2020-11-21T12:29:34+00:00","dateModified":"2020-11-25T00:52:19+00:00","breadcrumb":{"@id":"https:\/\/www.baetisaudio.com\/fr\/achat\/#breadcrumb"},"inLanguage":"fr-FR","potentialAction":[{"@type":"ReadAction","target":["https:\/\/www.baetisaudio.com\/fr\/achat\/"]}]},{"@type":"BreadcrumbList","@id":"https:\/\/www.baetisaudio.com\/fr\/achat\/#breadcrumb","itemListElement":[{"@type":"ListItem","position":1,"name":"Home","item":"https:\/\/www.baetisaudio.com\/fr\/"},{"@type":"ListItem","position":2,"name":"Achat"}]},{"@type":"WebSite","@id":"https:\/\/www.baetisaudio.com\/fr\/#website","url":"https:\/\/www.baetisaudio.com\/fr\/","name":"Baetis Audio - The Very Best in Media Computers and High-end Audio","description":"The Very Best in Media Computers and High-end Audio","publisher":{"@id":"https:\/\/www.baetisaudio.com\/fr\/#organization"},"potentialAction":[{"@type":"SearchAction","target":{"@type":"EntryPoint","urlTemplate":"https:\/\/www.baetisaudio.com\/fr\/?s={search_term_string}"},"query-input":{"@type":"PropertyValueSpecification","valueRequired":true,"valueName":"search_term_string"}}],"inLanguage":"fr-FR"},{"@type":"Organization","@id":"https:\/\/www.baetisaudio.com\/fr\/#organization","name":"Baetis Audio","url":"https:\/\/www.baetisaudio.com\/fr\/","logo":{"@type":"ImageObject","inLanguage":"fr-FR","@id":"https:\/\/www.baetisaudio.com\/fr\/#\/schema\/logo\/image\/","url":"https:\/\/www.baetisaudio.com\/wp-content\/uploads\/2020\/04\/baetis-audio-logo-white-370x370-1.png","contentUrl":"https:\/\/www.baetisaudio.com\/wp-content\/uploads\/2020\/04\/baetis-audio-logo-white-370x370-1.png","width":370,"height":370,"caption":"Baetis Audio"},"image":{"@id":"https:\/\/www.baetisaudio.com\/fr\/#\/schema\/logo\/image\/"},"sameAs":["https:\/\/www.facebook.com\/baetisaudio"]}]}},"_links":{"self":[{"href":"https:\/\/www.baetisaudio.com\/fr\/wp-json\/wp\/v2\/pages\/6173","targetHints":{"allow":["GET"]}}],"collection":[{"href":"https:\/\/www.baetisaudio.com\/fr\/wp-json\/wp\/v2\/pages"}],"about":[{"href":"https:\/\/www.baetisaudio.com\/fr\/wp-json\/wp\/v2\/types\/page"}],"author":[{"embeddable":true,"href":"https:\/\/www.baetisaudio.com\/fr\/wp-json\/wp\/v2\/users\/101012"}],"replies":[{"embeddable":true,"href":"https:\/\/www.baetisaudio.com\/fr\/wp-json\/wp\/v2\/comments?post=6173"}],"version-history":[{"count":4,"href":"https:\/\/www.baetisaudio.com\/fr\/wp-json\/wp\/v2\/pages\/6173\/revisions"}],"predecessor-version":[{"id":6388,"href":"https:\/\/www.baetisaudio.com\/fr\/wp-json\/wp\/v2\/pages\/6173\/revisions\/6388"}],"wp:attachment":[{"href":"https:\/\/www.baetisaudio.com\/fr\/wp-json\/wp\/v2\/media?parent=6173"}],"curies":[{"name":"wp","href":"https:\/\/api.w.org\/{rel}","templated":true}]}}